{"id":2892,"date":"2024-11-09T01:11:21","date_gmt":"2024-11-09T00:11:21","guid":{"rendered":"https:\/\/www.lalenadecobo.com\/?page_id=2892"},"modified":"2024-11-09T02:09:41","modified_gmt":"2024-11-09T01:09:41","slug":"aviso-legal","status":"publish","type":"page","link":"https:\/\/www.lalenadecobo.com\/?page_id=2892","title":{"rendered":"Aviso Legal"},"content":{"rendered":"\t\t<div data-elementor-type=\"wp-page\" data-elementor-id=\"2892\" class=\"elementor elementor-2892\">\n\t\t\t\t<div class=\"elementor-element elementor-element-c2179ff e-flex e-con-boxed e-con e-parent\" data-id=\"c2179ff\" data-element_type=\"container\" data-settings=\"{&quot;background_background&quot;:&quot;classic&quot;}\">\n\t\t\t\t\t<div class=\"e-con-inner\">\n\t\t\t\t<div class=\"elementor-element elementor-element-e58a4c3 elementor-widget elementor-widget-spacer\" data-id=\"e58a4c3\" data-element_type=\"widget\" data-widget_type=\"spacer.default\">\n\t\t\t\t<div class=\"elementor-widget-container\">\n\t\t\t\t\t\t\t<div class=\"elementor-spacer\">\n\t\t\t<div class=\"elementor-spacer-inner\"><\/div>\n\t\t<\/div>\n\t\t\t\t\t\t<\/div>\n\t\t\t\t<\/div>\n\t\t\t\t<div class=\"elementor-element elementor-element-e57098b elementor-widget elementor-widget-heading\" data-id=\"e57098b\" data-element_type=\"widget\" data-widget_type=\"heading.default\">\n\t\t\t\t<div class=\"elementor-widget-container\">\n\t\t\t\t\t<h2 class=\"elementor-heading-title elementor-size-default\">AVISO LEGAL<\/h2>\t\t\t\t<\/div>\n\t\t\t\t<\/div>\n\t\t\t\t<div class=\"elementor-element elementor-element-8abad34 elementor-widget elementor-widget-text-editor\" data-id=\"8abad34\" data-element_type=\"widget\" data-widget_type=\"text-editor.default\">\n\t\t\t\t<div class=\"elementor-widget-container\">\n\t\t\t\t\t\t\t\t\t<p>El sitio web: https:\/\/www.lalenadecobo.com est\u00e1 operado por:<\/p><p>Denominaci\u00f3n Social: LA LE\u00d1A DE COBO S.L.<\/p><p>CIF: B13938170<\/p><p>Registro mercantil de Madrid: Tomo 45.401 &#8211; Folio 120 &#8211; Inscripci\u00f3n 1 &#8211; Hoja M-798593<\/p><p>Domicilio Social: Marcelo Usera 101 2,2 Madrid<\/p><p>Contacto: (+34) 914 21 27 22 \/ info@lalenadecobo.com<\/p>\t\t\t\t\t\t\t\t<\/div>\n\t\t\t\t<\/div>\n\t\t\t\t<div class=\"elementor-element elementor-element-3e6575e elementor-widget elementor-widget-text-editor\" data-id=\"3e6575e\" data-element_type=\"widget\" data-widget_type=\"text-editor.default\">\n\t\t\t\t<div class=\"elementor-widget-container\">\n\t\t\t\t\t\t\t\t\t<h4 class=\"p7\"><span style=\"color: #ffffff;\">Mediante el presente Aviso Legal, se regula el acceso, navegaci\u00f3n y uso del Sitio Web as\u00ed como las responsabilidades derivadas de la utilizaci\u00f3n de sus contenidos (entendiendo por \u00abcontenidos\u00bb los textos, gr\u00e1ficos, dibujos, dise\u00f1os, c\u00f3digos, software, fotograf\u00edas, m\u00fasica, v\u00eddeos, sonidos, bases de datos, im\u00e1genes, expresiones e informaciones, as\u00ed como cualquier otra creaci\u00f3n protegida por las leyes nacionales y los tratados internacionales sobre propiedad intelectual e industrial).<\/span><\/h4><div>\u00a0<\/div><h4 class=\"p7\"><span style=\"color: #ffffff;\">El acceso, navegaci\u00f3n y uso del Sitio Web implica la aceptaci\u00f3n de todas y cada una de las cl\u00e1usulas que conforman el Aviso Legal publicado en cada momento, por lo que se invita al usuario a que lea el Aviso Legal detenidamente cada cierto tiempo.<\/span><\/h4><h4 class=\"p7\"><span style=\"color: #ffffff;\">En caso de no aceptar las cl\u00e1usulas del presente Aviso Legal, le rogamos se abstenga de acceder al Sitio Web y\/o utilizar los servicios ofrecidos a trav\u00e9s del mismo.<\/span><\/h4><h4 class=\"p7\"><span style=\"color: #ffffff;\">Este Aviso Legal no tiene por objeto regular cualesquiera aspectos contractuales relativos a la prestaci\u00f3n por LA LE\u00d1A DE COBO S.L. de sus servicios espec\u00edficos, limit\u00e1ndose a ser el marco jur\u00eddico de uso y acceso del Sitio Web.<\/span><\/h4><div>\u00a0<\/div><h4 class=\"p7\"><span style=\"color: #ffffff;\">LA LE\u00d1A DE COBO podr\u00e1 establecer unas Condiciones Particulares que regulen la utilizaci\u00f3n de servicios espec\u00edficos ofrecidos a los Usuarios a trav\u00e9s del Sitio Web, como por ejemplo el servicio de reservas. Antes de utilizar dichos servicios espec\u00edficos, el Usuario deber\u00e1 leer atentamente las correspondientes Condiciones particulares aplicables a dichos servicios.<\/span><\/h4>\t\t\t\t\t\t\t\t<\/div>\n\t\t\t\t<\/div>\n\t\t\t\t<div class=\"elementor-element elementor-element-7956f84 elementor-view-default elementor-widget elementor-widget-icon\" data-id=\"7956f84\" data-element_type=\"widget\" data-widget_type=\"icon.default\">\n\t\t\t\t<div class=\"elementor-widget-container\">\n\t\t\t\t\t\t\t<div class=\"elementor-icon-wrapper\">\n\t\t\t<div class=\"elementor-icon\">\n\t\t\t<svg aria-hidden=\"true\" class=\"e-font-icon-svg e-far-window-minimize\" viewBox=\"0 0 512 512\" xmlns=\"http:\/\/www.w3.org\/2000\/svg\"><path d=\"M480 480H32c-17.7 0-32-14.3-32-32s14.3-32 32-32h448c17.7 0 32 14.3 32 32s-14.3 32-32 32z\"><\/path><\/svg>\t\t\t<\/div>\n\t\t<\/div>\n\t\t\t\t\t\t<\/div>\n\t\t\t\t<\/div>\n\t\t\t\t<div class=\"elementor-element elementor-element-c169297 elementor-widget elementor-widget-heading\" data-id=\"c169297\" data-element_type=\"widget\" data-widget_type=\"heading.default\">\n\t\t\t\t<div class=\"elementor-widget-container\">\n\t\t\t\t\t<h2 class=\"elementor-heading-title elementor-size-default\">USO DEL SITIO WEB<\/h2>\t\t\t\t<\/div>\n\t\t\t\t<\/div>\n\t\t\t\t<div class=\"elementor-element elementor-element-e52fd48 elementor-widget elementor-widget-text-editor\" data-id=\"e52fd48\" data-element_type=\"widget\" data-widget_type=\"text-editor.default\">\n\t\t\t\t<div class=\"elementor-widget-container\">\n\t\t\t\t\t\t\t\t\t<h4 class=\"p7\"><span style=\"color: #ffffff;\">El usuario se compromete a realizar un uso leg\u00edtimo del presente Sitio, y se obliga a no utilizar la misma para la realizaci\u00f3n de actividades contrarias a las leyes, la moral y el orden p\u00fablico.<\/span><\/h4><h4 class=\"p7\"><span style=\"color: #ffffff;\">En particular, el Usuario se abstendr\u00e1 de:<\/span><\/h4><div><span style=\"color: #ffffff;\">\u00a0<\/span><\/div><ul class=\"ul1\"><li class=\"li7\"><h4><span style=\"color: #ffffff;\">Reproducir o copiar, distribuir, permitir el acceso p\u00fablico a trav\u00e9s de cualquier modalidad de comunicaci\u00f3n p\u00fablica, transformar o modificar los contenidos, a menos que se cuente con la autorizaci\u00f3n del titular de los correspondientes derechos o ello resulte legalmente permitido;<\/span><\/h4><\/li><li class=\"li7\"><h4><span style=\"color: #ffffff;\">Hacer un uso comercial o ejercer actividades publicitarias que impliquen o puedan suponer un fraude para el receptor, en particular, las que se realicen mediante la usurpaci\u00f3n de la identidad de LA LE\u00d1A DE COBO S.L. en el env\u00edo de emails u otros que tuvieran la apariencia de estar vinculados con este Sitio Web.<\/span><\/h4><\/li><li class=\"li7\"><h4><span style=\"color: #ffffff;\">Facilitar cualquier informaci\u00f3n personal suya o en relaci\u00f3n con el uso y acceso al Sitio Web que sea falsa o haya sido il\u00edcitamente obtenida.<\/span><\/h4><\/li><\/ul><h4 class=\"p7\"><span style=\"color: #ffffff;\">En este sentido, LA LE\u00d1A DE COBO S.L., se reserva el derecho a interrumpir la prestaci\u00f3n del servicio de informaci\u00f3n a trav\u00e9s de esta p\u00e1gina web para aquellos usuarios que contravengan las normas y\/o directrices mencionadas anteriormente y resolver inmediata y unilateralmente la relaci\u00f3n con el usuario.<\/span><\/h4>\t\t\t\t\t\t\t\t<\/div>\n\t\t\t\t<\/div>\n\t\t\t\t<div class=\"elementor-element elementor-element-d7b48a0 elementor-view-default elementor-widget elementor-widget-icon\" data-id=\"d7b48a0\" data-element_type=\"widget\" data-widget_type=\"icon.default\">\n\t\t\t\t<div class=\"elementor-widget-container\">\n\t\t\t\t\t\t\t<div class=\"elementor-icon-wrapper\">\n\t\t\t<div class=\"elementor-icon\">\n\t\t\t<svg aria-hidden=\"true\" class=\"e-font-icon-svg e-far-window-minimize\" viewBox=\"0 0 512 512\" xmlns=\"http:\/\/www.w3.org\/2000\/svg\"><path d=\"M480 480H32c-17.7 0-32-14.3-32-32s14.3-32 32-32h448c17.7 0 32 14.3 32 32s-14.3 32-32 32z\"><\/path><\/svg>\t\t\t<\/div>\n\t\t<\/div>\n\t\t\t\t\t\t<\/div>\n\t\t\t\t<\/div>\n\t\t\t\t<div class=\"elementor-element elementor-element-58e38a5 elementor-widget elementor-widget-heading\" data-id=\"58e38a5\" data-element_type=\"widget\" data-widget_type=\"heading.default\">\n\t\t\t\t<div class=\"elementor-widget-container\">\n\t\t\t\t\t<h2 class=\"elementor-heading-title elementor-size-default\">RESPONSABILIDAD Y GARANT\u00cdAS<\/h2>\t\t\t\t<\/div>\n\t\t\t\t<\/div>\n\t\t\t\t<div class=\"elementor-element elementor-element-760f8b0 elementor-widget elementor-widget-text-editor\" data-id=\"760f8b0\" data-element_type=\"widget\" data-widget_type=\"text-editor.default\">\n\t\t\t\t<div class=\"elementor-widget-container\">\n\t\t\t\t\t\t\t\t\t<h4><span style=\"color: #ffffff;\">LA LE\u00d1A DE COBO S.L. gestiona el Sitio Web diligentemente y procura en todo momento mantener una informaci\u00f3n completa y exacta de todos los servicios que ofrece, actualiz\u00e1ndola en todo momento. No obstante, es posible que, ocasionalmente, pueda existir alguna discordancia entre la informaci\u00f3n ofrecida en este Sitio Web y la realidad. En todo caso, LA LE\u00d1A DE COBO S.L. no se responsabiliza por dichas diferencias rigi\u00e9ndose en todo momento por las condiciones particulares de los servicios que se presten (servicio de reservas, servicio de restaurante, etc.).<\/span><\/h4><div><span style=\"color: #ffffff;\">\u00a0<\/span><\/div><h4><span style=\"color: #ffffff;\"><span style=\"font-size: 1.11111rem; text-align: var(--text-align);\">LA LE\u00d1A DE COBO S.L.<\/span>\u00a0se compromete a adoptar todas las medidas oportunas para garantizar el correcto funcionamiento de la p\u00e1gina y prevenir virus o programas inform\u00e1ticos que puedan causar un da\u00f1o a los usuarios. No obstante,\u00a0<span style=\"font-size: 1.11111rem; text-align: var(--text-align);\">LA LE\u00d1A DE COBO S.L.<\/span><span style=\"font-size: 1.11111rem; font-style: inherit; text-align: var(--text-align);\">\u00a0no asume la responsabilidad por:<\/span><\/span><\/h4><div><span style=\"color: #ffffff; font-size: 1.11111rem; font-style: inherit; text-align: var(--text-align);\">\u00a0<\/span><\/div><ul><li><h4><span style=\"color: #ffffff;\">la calidad del servicio del proveedor de internet, ni de la velocidad de acceso al Sitio Web, ni de los problemas t\u00e9cnicos, el\u00e9ctricos u otros de los dispositivos utilizados por el usuario ni por ende, de los da\u00f1os causados a los equipos de los usuarios por la utilizaci\u00f3n de este Sitio Web.<\/span><\/h4><\/li><li><h4><span style=\"color: #ffffff;\">la continuidad ni la disponibilidad del Sitio Web.<\/span><\/h4><\/li><li><h4><span style=\"color: #ffffff;\">la licitud, fiabilidad o exactitud del contenido compartido por los usuarios, por su propia voluntad.<\/span><\/h4><\/li><li><h4><span style=\"color: #ffffff;\">por las actuaciones, publicaciones o comentarios que los usuarios pudieren realizar en el Sitio Web.<\/span><\/h4><\/li><li><h4><span style=\"color: #ffffff;\">por las actuaciones de mala fe de terceros que quebranten las medidas de seguridad y accedan a los mensajes o los utilice para divulgar un virus inform\u00e1tico.<\/span><\/h4><\/li><\/ul>\t\t\t\t\t\t\t\t<\/div>\n\t\t\t\t<\/div>\n\t\t\t\t<div class=\"elementor-element elementor-element-bf71af5 elementor-view-default elementor-widget elementor-widget-icon\" data-id=\"bf71af5\" data-element_type=\"widget\" data-widget_type=\"icon.default\">\n\t\t\t\t<div class=\"elementor-widget-container\">\n\t\t\t\t\t\t\t<div class=\"elementor-icon-wrapper\">\n\t\t\t<div class=\"elementor-icon\">\n\t\t\t<svg aria-hidden=\"true\" class=\"e-font-icon-svg e-far-window-minimize\" viewBox=\"0 0 512 512\" xmlns=\"http:\/\/www.w3.org\/2000\/svg\"><path d=\"M480 480H32c-17.7 0-32-14.3-32-32s14.3-32 32-32h448c17.7 0 32 14.3 32 32s-14.3 32-32 32z\"><\/path><\/svg>\t\t\t<\/div>\n\t\t<\/div>\n\t\t\t\t\t\t<\/div>\n\t\t\t\t<\/div>\n\t\t\t\t<div class=\"elementor-element elementor-element-0756f31 elementor-widget elementor-widget-heading\" data-id=\"0756f31\" data-element_type=\"widget\" data-widget_type=\"heading.default\">\n\t\t\t\t<div class=\"elementor-widget-container\">\n\t\t\t\t\t<h2 class=\"elementor-heading-title elementor-size-default\">ENLACES<\/h2>\t\t\t\t<\/div>\n\t\t\t\t<\/div>\n\t\t\t\t<div class=\"elementor-element elementor-element-8338c7a elementor-widget elementor-widget-text-editor\" data-id=\"8338c7a\" data-element_type=\"widget\" data-widget_type=\"text-editor.default\">\n\t\t\t\t<div class=\"elementor-widget-container\">\n\t\t\t\t\t\t\t\t\t<h4><span style=\"color: #ffffff;\">Cuando acceda a los enlaces presentes en el Sitio Web que le redirijan a los sitios web de terceros,\u00a0<span style=\"font-size: 1.11111rem; text-align: var(--text-align);\">LA LE\u00d1A DE COBO S.L.<\/span><span style=\"font-size: 1.11111rem; font-style: inherit; text-align: var(--text-align);\">\u00a0no podr\u00e1 ser considerada responsable del contenido ni de las medidas que se adopten en las mismas, ya que dichas p\u00e1ginas web no est\u00e1n operadas por nuestra sociedad. Le recordamos que es su responsabilidad revisar los avisos legales y las pol\u00edticas de privacidad de los sitios web que visite.<\/span><\/span><\/h4><div><span style=\"color: #ffffff; font-size: 1.11111rem; font-style: inherit; text-align: var(--text-align);\">\u00a0<\/span><\/div><h4><span style=\"color: #ffffff;\">El establecimiento de cualquier tipo de enlace por parte del Sitio Web a otro sitio web ajeno no implica que exista alg\u00fan tipo de relaci\u00f3n, colaboraci\u00f3n o dependencia entre\u00a0<span style=\"font-size: 1.11111rem; text-align: var(--text-align);\">LA LE\u00d1A DE COBO S.L.<\/span><span style=\"font-size: 1.11111rem; font-style: inherit; text-align: var(--text-align);\">\u00a0y el responsable de dicho sitio web.<\/span><\/span><\/h4>\t\t\t\t\t\t\t\t<\/div>\n\t\t\t\t<\/div>\n\t\t\t\t<div class=\"elementor-element elementor-element-c59c386 elementor-view-default elementor-widget elementor-widget-icon\" data-id=\"c59c386\" data-element_type=\"widget\" data-widget_type=\"icon.default\">\n\t\t\t\t<div class=\"elementor-widget-container\">\n\t\t\t\t\t\t\t<div class=\"elementor-icon-wrapper\">\n\t\t\t<div class=\"elementor-icon\">\n\t\t\t<svg aria-hidden=\"true\" class=\"e-font-icon-svg e-far-window-minimize\" viewBox=\"0 0 512 512\" xmlns=\"http:\/\/www.w3.org\/2000\/svg\"><path d=\"M480 480H32c-17.7 0-32-14.3-32-32s14.3-32 32-32h448c17.7 0 32 14.3 32 32s-14.3 32-32 32z\"><\/path><\/svg>\t\t\t<\/div>\n\t\t<\/div>\n\t\t\t\t\t\t<\/div>\n\t\t\t\t<\/div>\n\t\t\t\t<div class=\"elementor-element elementor-element-4de3c12 elementor-widget elementor-widget-heading\" data-id=\"4de3c12\" data-element_type=\"widget\" data-widget_type=\"heading.default\">\n\t\t\t\t<div class=\"elementor-widget-container\">\n\t\t\t\t\t<h2 class=\"elementor-heading-title elementor-size-default\">PROPIEDAD INTELECTUAL E INDUSTRIAL<\/h2>\t\t\t\t<\/div>\n\t\t\t\t<\/div>\n\t\t\t\t<div class=\"elementor-element elementor-element-c267eb2 elementor-widget elementor-widget-text-editor\" data-id=\"c267eb2\" data-element_type=\"widget\" data-widget_type=\"text-editor.default\">\n\t\t\t\t<div class=\"elementor-widget-container\">\n\t\t\t\t\t\t\t\t\t<h4><span style=\"color: #ffffff;\">El Sitio Web incorpora contenidos sujetos a derechos de propiedad intelectual e industrial, entre otros, im\u00e1genes, fotos, v\u00eddeos, marcas, gr\u00e1ficos, logotipos, textos, men\u00fas y otros, cuya apariencia o contenido han sido creados por o para el titular,\u00a0<span style=\"font-size: 1.11111rem; text-align: var(--text-align);\">LA LE\u00d1A DE COBO S.L.<\/span><span style=\"font-size: 1.11111rem; font-style: inherit; text-align: var(--text-align);\">\u00a0y por tanto, su uso, cesi\u00f3n, reproducci\u00f3n, distribuci\u00f3n, transformaci\u00f3n o comunicaci\u00f3n p\u00fablica, requerir\u00e1n de la autorizaci\u00f3n del propietario.<\/span><\/span><\/h4><div><span style=\"color: #ffffff; font-size: 1.11111rem; font-style: inherit; text-align: var(--text-align);\">\u00a0<\/span><\/div><h4><span style=\"color: #ffffff;\">En este sentido, todos los contenidos del Sitio Web citados en el p\u00e1rrafo anterior, as\u00ed como el software, combinaci\u00f3n de colores, estructura y selecci\u00f3n de los criterios de ordenaci\u00f3n est\u00e1n protegidos por derechos de autor y otros derechos de propiedad industrial y su utilizaci\u00f3n o uso, sin mediar la requerida autorizaci\u00f3n, podr\u00e1 acarrear acciones legales contra quienes reproduzcan, distribuyan, transformen o comuniquen total o parcialmente dichos contenidos.<\/span><\/h4><div><span style=\"color: #ffffff;\">\u00a0<\/span><\/div><h4><span style=\"color: #ffffff;\">Es posible que en el Sitio Web se incorporen contenidos de terceros para lo que\u00a0<span style=\"font-size: 1.11111rem; text-align: var(--text-align);\">LA LE\u00d1A DE COBO S.L.<\/span><span style=\"font-size: 1.11111rem; font-style: inherit; text-align: var(--text-align);\">\u00a0cuenta con la correspondiente licencia o cesi\u00f3n. La reproducci\u00f3n, distribuci\u00f3n, transformaci\u00f3n o comunicaci\u00f3n p\u00fablica de dichos contenidos por parte de terceros tambi\u00e9n requerir\u00e1 la autorizaci\u00f3n por parte de su titular.<\/span><\/span><\/h4>\t\t\t\t\t\t\t\t<\/div>\n\t\t\t\t<\/div>\n\t\t\t\t<div class=\"elementor-element elementor-element-7b54fff elementor-view-default elementor-widget elementor-widget-icon\" data-id=\"7b54fff\" data-element_type=\"widget\" data-widget_type=\"icon.default\">\n\t\t\t\t<div class=\"elementor-widget-container\">\n\t\t\t\t\t\t\t<div class=\"elementor-icon-wrapper\">\n\t\t\t<div class=\"elementor-icon\">\n\t\t\t<svg aria-hidden=\"true\" class=\"e-font-icon-svg e-far-window-minimize\" viewBox=\"0 0 512 512\" xmlns=\"http:\/\/www.w3.org\/2000\/svg\"><path d=\"M480 480H32c-17.7 0-32-14.3-32-32s14.3-32 32-32h448c17.7 0 32 14.3 32 32s-14.3 32-32 32z\"><\/path><\/svg>\t\t\t<\/div>\n\t\t<\/div>\n\t\t\t\t\t\t<\/div>\n\t\t\t\t<\/div>\n\t\t\t\t<div class=\"elementor-element elementor-element-b882c37 elementor-widget elementor-widget-heading\" data-id=\"b882c37\" data-element_type=\"widget\" data-widget_type=\"heading.default\">\n\t\t\t\t<div class=\"elementor-widget-container\">\n\t\t\t\t\t<h2 class=\"elementor-heading-title elementor-size-default\">LEY APLICABLE Y JURISDICCI\u00d3N<\/h2>\t\t\t\t<\/div>\n\t\t\t\t<\/div>\n\t\t\t\t<div class=\"elementor-element elementor-element-e74e00e elementor-widget elementor-widget-text-editor\" data-id=\"e74e00e\" data-element_type=\"widget\" data-widget_type=\"text-editor.default\">\n\t\t\t\t<div class=\"elementor-widget-container\">\n\t\t\t\t\t\t\t\t\t<h4><span style=\"color: #ffffff;\">El presente Aviso Legal se rige por la Ley espa\u00f1ola, sin perjuicio de la aplicaci\u00f3n de cualquier otra normativa dictada por autoridad competente.<\/span><\/h4>\n<div><span style=\"color: #ffffff;\">&nbsp;<\/span><\/div>\n<h4><span style=\"color: #ffffff;\">Cualquier discrepancia entre el Usuario y&nbsp;<span style=\"font-size: 1.11111rem; text-align: var(--text-align);\">LA LE\u00d1A DE COBO S.L.<\/span><span style=\"font-size: 1.11111rem; font-style: inherit; text-align: var(--text-align);\">&nbsp;sobre la validez y vigencia de alguna disposici\u00f3n contenida en \u00e9l se resolver\u00e1 judicialmente ante los Juzgados y Tribunales de Madrid.<\/span><\/span><\/h4>\n<div><span style=\"color: #ffffff; font-size: 1.11111rem; font-style: inherit; text-align: var(--text-align);\">&nbsp;<\/span><\/div>\n<div><span style=\"color: rgb(255, 255, 255); font-family: &quot;Plus Jakarta Sans&quot;, sans-serif; font-size: 1.11111rem; font-style: inherit; font-weight: 600; text-align: var(--text-align);\">\u00daltima versi\u00f3n: Noviembre 2024<\/span><\/div>\t\t\t\t\t\t\t\t<\/div>\n\t\t\t\t<\/div>\n\t\t\t\t<div class=\"elementor-element elementor-element-c8e112f elementor-view-default elementor-widget elementor-widget-icon\" data-id=\"c8e112f\" data-element_type=\"widget\" data-widget_type=\"icon.default\">\n\t\t\t\t<div class=\"elementor-widget-container\">\n\t\t\t\t\t\t\t<div class=\"elementor-icon-wrapper\">\n\t\t\t<div class=\"elementor-icon\">\n\t\t\t<svg aria-hidden=\"true\" class=\"e-font-icon-svg e-far-window-minimize\" viewBox=\"0 0 512 512\" xmlns=\"http:\/\/www.w3.org\/2000\/svg\"><path d=\"M480 480H32c-17.7 0-32-14.3-32-32s14.3-32 32-32h448c17.7 0 32 14.3 32 32s-14.3 32-32 32z\"><\/path><\/svg>\t\t\t<\/div>\n\t\t<\/div>\n\t\t\t\t\t\t<\/div>\n\t\t\t\t<\/div>\n\t\t\t\t\t<\/div>\n\t\t\t\t<\/div>\n\t\t\t\t<\/div>\n\t\t","protected":false},"excerpt":{"rendered":"<p>AVISO LEGAL El sitio web: https:\/\/www.lalenadecobo.com est\u00e1 operado por: Denominaci\u00f3n Social: LA LE\u00d1A DE COBO S.L. CIF: B13938170 Registro mercantil [&hellip;]<\/p>\n","protected":false},"author":1,"featured_media":0,"parent":0,"menu_order":0,"comment_status":"closed","ping_status":"closed","template":"elementor_header_footer","meta":{"site-sidebar-layout":"no-sidebar","site-content-layout":"","ast-site-content-layout":"full-width-container","site-content-style":"default","site-sidebar-style":"default","ast-global-header-display":"","ast-banner-title-visibility":"","ast-main-header-display":"","ast-hfb-above-header-display":"","ast-hfb-below-header-display":"","ast-hfb-mobile-header-display":"","site-post-title":"disabled","ast-breadcrumbs-content":"","ast-featured-img":"disabled","footer-sml-layout":"","theme-transparent-header-meta":"","adv-header-id-meta":"","stick-header-meta":"","header-above-stick-meta":"","header-main-stick-meta":"","header-below-stick-meta":"","astra-migrate-meta-layouts":"default","ast-page-background-enabled":"default","ast-page-background-meta":{"desktop":{"background-color":"var(--ast-global-color-4)","background-image":"","background-repeat":"repeat","background-position":"center center","background-size":"auto","background-attachment":"scroll","background-type":"","background-media":"","overlay-type":"","overlay-color":"","overlay-opacity":"","overlay-gradient":""},"tablet":{"background-color":"","background-image":"","background-repeat":"repeat","background-position":"center center","background-size":"auto","background-attachment":"scroll","background-type":"","background-media":"","overlay-type":"","overlay-color":"","overlay-opacity":"","overlay-gradient":""},"mobile":{"background-color":"","background-image":"","background-repeat":"repeat","background-position":"center center","background-size":"auto","background-attachment":"scroll","background-type":"","background-media":"","overlay-type":"","overlay-color":"","overlay-opacity":"","overlay-gradient":""}},"ast-content-background-meta":{"desktop":{"background-color":"var(--ast-global-color-5)","background-image":"","background-repeat":"repeat","background-position":"center center","background-size":"auto","background-attachment":"scroll","background-type":"","background-media":"","overlay-type":"","overlay-color":"","overlay-opacity":"","overlay-gradient":""},"tablet":{"background-color":"var(--ast-global-color-5)","background-image":"","background-repeat":"repeat","background-position":"center center","background-size":"auto","background-attachment":"scroll","background-type":"","background-media":"","overlay-type":"","overlay-color":"","overlay-opacity":"","overlay-gradient":""},"mobile":{"background-color":"var(--ast-global-color-5)","background-image":"","background-repeat":"repeat","background-position":"center center","background-size":"auto","background-attachment":"scroll","background-type":"","background-media":"","overlay-type":"","overlay-color":"","overlay-opacity":"","overlay-gradient":""}},"footnotes":""},"class_list":["post-2892","page","type-page","status-publish","hentry"],"_links":{"self":[{"href":"https:\/\/www.lalenadecobo.com\/index.php?rest_route=\/wp\/v2\/pages\/2892","targetHints":{"allow":["GET"]}}],"collection":[{"href":"https:\/\/www.lalenadecobo.com\/index.php?rest_route=\/wp\/v2\/pages"}],"about":[{"href":"https:\/\/www.lalenadecobo.com\/index.php?rest_route=\/wp\/v2\/types\/page"}],"author":[{"embeddable":true,"href":"https:\/\/www.lalenadecobo.com\/index.php?rest_route=\/wp\/v2\/users\/1"}],"replies":[{"embeddable":true,"href":"https:\/\/www.lalenadecobo.com\/index.php?rest_route=%2Fwp%2Fv2%2Fcomments&post=2892"}],"version-history":[{"count":10,"href":"https:\/\/www.lalenadecobo.com\/index.php?rest_route=\/wp\/v2\/pages\/2892\/revisions"}],"predecessor-version":[{"id":2925,"href":"https:\/\/www.lalenadecobo.com\/index.php?rest_route=\/wp\/v2\/pages\/2892\/revisions\/2925"}],"wp:attachment":[{"href":"https:\/\/www.lalenadecobo.com\/index.php?rest_route=%2Fwp%2Fv2%2Fmedia&parent=2892"}],"curies":[{"name":"wp","href":"https:\/\/api.w.org\/{rel}","templated":true}]}}